{"id":298,"date":"2024-08-28T23:12:10","date_gmt":"2024-08-28T21:12:10","guid":{"rendered":"https:\/\/www.koldata.io\/?page_id=298"},"modified":"2024-09-17T21:06:52","modified_gmt":"2024-09-17T19:06:52","slug":"formation","status":"publish","type":"page","link":"https:\/\/www.koldata.io\/index.php\/formation\/","title":{"rendered":"Formation"},"content":{"rendered":"\n<div id=\"wp-block-themeisle-blocks-advanced-columns-6060ad37\" class=\"wp-block-themeisle-blocks-advanced-columns alignfull has-1-columns has-desktop-equal-layout has-tablet-equal-layout has-mobile-equal-layout has-vertical-unset has-light-bg\"><div class=\"wp-block-themeisle-blocks-advanced-columns-overlay\"><\/div><div class=\"innerblocks-wrap\">\n<div id=\"wp-block-themeisle-blocks-advanced-column-e9443913\" class=\"wp-block-themeisle-blocks-advanced-column\">\n<h2 class=\"wp-block-heading has-text-color has-link-color wp-elements-bf24057af3d890ce449fba9bbff478db\" style=\"color:#070731\">Des formations sur-mesure.<\/h2>\n\n\n\n<p class=\"has-text-color has-link-color wp-elements-6383a39ca3d366bc9bcc3527beef0684\" style=\"color:#070731\">Nous cr\u00e9ons des modules de formation personnalis\u00e9s qui prennent en compte vos missions, vos objectifs, le niveau de connaissance initial des stagiaires et le niveau de comp\u00e9tence recherch\u00e9.<\/p>\n<\/div>\n<\/div><\/div>\n\n\n\n<div id=\"wp-block-themeisle-blocks-advanced-columns-f0d39e55\" class=\"wp-block-themeisle-blocks-advanced-columns alignfull has-2-columns has-desktop-equal-layout has-tablet-equal-layout has-mobile-collapsedRows-layout has-vertical-unset has-light-bg\"><div class=\"wp-block-themeisle-blocks-advanced-columns-overlay\"><\/div><div class=\"innerblocks-wrap\">\n<div id=\"wp-block-themeisle-blocks-advanced-column-df3a3bbe\" class=\"wp-block-themeisle-blocks-advanced-column has-light-bg\">\n<div id=\"wp-block-themeisle-blocks-font-awesome-icons-7b689dc6\" class=\"wp-block-themeisle-blocks-font-awesome-icons\"><span class=\"wp-block-themeisle-blocks-font-awesome-icons-container\"><i class=\"far fa-lightbulb\"><\/i><\/span><\/div>\n\n\n\n<h3 class=\"wp-block-heading has-text-color\" style=\"color:#5a3a6b;margin-top:0px\">Acculturation<\/h3>\n\n\n\n<p class=\"has-text-color has-link-color wp-elements-d768d05cf399c669c3ea7ec314317ad6\" style=\"color:#070731\">Quel que soit votre type d\u2019organisation, nous produisons pour vous des formations permettant d\u2019<strong>acculturer vos collaborateurs \u00e0 la technologie blockchain<\/strong> et \u00e0 ses innovations.<\/p>\n\n\n\n<p class=\"has-text-color has-link-color wp-elements-d6e10dba201fbf1bf5c0ba9670f488ea\" style=\"color:#070731\"><\/p>\n<\/div>\n\n\n\n<div id=\"wp-block-themeisle-blocks-advanced-column-a92486ee\" class=\"wp-block-themeisle-blocks-advanced-column has-light-bg\">\n<div id=\"wp-block-themeisle-blocks-font-awesome-icons-a8eb2801\" class=\"wp-block-themeisle-blocks-font-awesome-icons\"><span class=\"wp-block-themeisle-blocks-font-awesome-icons-container\"><i class=\"fas fa-search\"><\/i><\/span><\/div>\n\n\n\n<h3 class=\"wp-block-heading has-text-color\" style=\"color:#5a3a6b;margin-top:0px\">Investigation<\/h3>\n\n\n\n<p class=\"has-text-color has-link-color wp-elements-448fc2bef71a02e27617e5c8dc3c7cdf\" style=\"color:#070731\">Que vous soyez un service public ou priv\u00e9, nous pouvons <strong>former vos collaborateurs aux crypto-actifs dans une perspective d\u2019enqu\u00eate, de s\u00e9curit\u00e9 financi\u00e8re ou de conformit\u00e9.<\/strong><\/p>\n\n\n\n<p class=\"has-text-color has-link-color wp-elements-1c6b379175ac71070d9f28401f90184f\" style=\"color:#070731\"><\/p>\n<\/div>\n<\/div><\/div>\n\n\n\n<div id=\"wp-block-themeisle-blocks-advanced-columns-c3911ed9\" class=\"wp-block-themeisle-blocks-advanced-columns alignfull has-1-columns has-desktop-equal-layout has-tablet-equal-layout has-mobile-equal-layout has-vertical-unset has-light-bg\"><div class=\"wp-block-themeisle-blocks-advanced-columns-overlay\"><\/div><div class=\"innerblocks-wrap\">\n<div id=\"wp-block-themeisle-blocks-advanced-column-41b02f17\" class=\"wp-block-themeisle-blocks-advanced-column\">\n<h2 class=\"wp-block-heading has-text-color has-link-color wp-elements-2535dcc5d92f45b5e476f5544c5f7790\" style=\"color:#070731\">Quels th\u00e8mes de formation ?<\/h2>\n\n\n\n<p class=\"has-text-color has-link-color wp-elements-bcc7d31f6c171780e269bf1373784f6a\" style=\"color:#070731\">Notre offre de formation couvre depuis les fondamentaux de la blockchain jusqu&#8217;aux techniques d&#8217;enqu\u00eates les plus avanc\u00e9es.<\/p>\n<\/div>\n<\/div><\/div>\n\n\n\n<div id=\"wp-block-themeisle-blocks-advanced-columns-86cc2409\" class=\"wp-block-themeisle-blocks-advanced-columns alignfull has-4-columns has-desktop-equal-layout has-tablet-equal-layout has-mobile-collapsedRows-layout has-vertical-unset has-light-bg\"><div class=\"wp-block-themeisle-blocks-advanced-columns-overlay\"><\/div><div class=\"innerblocks-wrap\">\n<div id=\"wp-block-themeisle-blocks-advanced-column-c58d1483\" class=\"wp-block-themeisle-blocks-advanced-column has-light-bg\">\n<div id=\"wp-block-themeisle-blocks-font-awesome-icons-d4a3788d\" class=\"wp-block-themeisle-blocks-font-awesome-icons\"><span class=\"wp-block-themeisle-blocks-font-awesome-icons-container\"><i class=\"fas fa-cogs\"><\/i><\/span><\/div>\n\n\n\n<h3 class=\"wp-block-heading has-text-color\" style=\"color:#5a3a6b;margin-top:0px\">Technologie<\/h3>\n\n\n\n<p class=\"has-text-color has-link-color wp-elements-1002a7707126cf9a1d8e66a15a99e464\" style=\"color:#070731\">Nous enseignons \u00e0 vos \u00e9quipes les <strong>fondamentaux technologiques<\/strong> de la blockchain : r\u00e9seaux pair-\u00e0-pair, cryptographie asym\u00e9trique, fonctions de hachage, preuve de travail, etc.<\/p>\n\n\n\n<p class=\"has-text-color has-link-color wp-elements-d6e10dba201fbf1bf5c0ba9670f488ea\" style=\"color:#070731\"><\/p>\n<\/div>\n\n\n\n<div id=\"wp-block-themeisle-blocks-advanced-column-4bd751ba\" class=\"wp-block-themeisle-blocks-advanced-column has-light-bg\">\n<div id=\"wp-block-themeisle-blocks-font-awesome-icons-2026b1cd\" class=\"wp-block-themeisle-blocks-font-awesome-icons\"><span class=\"wp-block-themeisle-blocks-font-awesome-icons-container\"><i class=\"fas fa-book-open\"><\/i><\/span><\/div>\n\n\n\n<h3 class=\"wp-block-heading has-text-color\" style=\"color:#5a3a6b;margin-top:0px\">Juridique<\/h3>\n\n\n\n<p class=\"has-text-color has-link-color wp-elements-b384224a91ffc537825be68a4400fbef\" style=\"color:#070731\">Nous guidons vos collaborateurs dans les m\u00e9andres de la r\u00e9glementation\u00a0: r\u00e8glement <strong>MiCA<\/strong>, cadre <strong>LCB-FT<\/strong>, r\u00e9gime <strong>JONUM<\/strong>, <strong>fiscalit\u00e9<\/strong> des<br>crypto-actifs, etc.<\/p>\n\n\n\n<p class=\"has-text-color has-link-color wp-elements-1c6b379175ac71070d9f28401f90184f\" style=\"color:#070731\"><\/p>\n<\/div>\n\n\n\n<div id=\"wp-block-themeisle-blocks-advanced-column-0c34f1ca\" class=\"wp-block-themeisle-blocks-advanced-column has-light-bg\">\n<div id=\"wp-block-themeisle-blocks-font-awesome-icons-a58203cd\" class=\"wp-block-themeisle-blocks-font-awesome-icons\"><span class=\"wp-block-themeisle-blocks-font-awesome-icons-container\"><i class=\"fas fa-search-dollar\"><\/i><\/span><\/div>\n\n\n\n<h3 class=\"wp-block-heading has-text-color\" style=\"color:#5a3a6b;margin-top:0px\">Enqu\u00eate<\/h3>\n\n\n\n<p class=\"has-text-color has-link-color wp-elements-15e9ff6ace324aa133c3e30464e2e054\" style=\"color:#070731\">Nous initions vos \u00e9quipes aux<br>subtilit\u00e9s de l\u2019investigation :<br><strong>regroupement d\u2019adresses<\/strong>, pivots <strong>OSINT<\/strong>, <strong>explorateurs<\/strong> gratuits ou payants, <strong>types de transaction<\/strong>, etc.<\/p>\n\n\n\n<p class=\"has-text-color has-link-color wp-elements-1c6b379175ac71070d9f28401f90184f\" style=\"color:#070731\"><\/p>\n<\/div>\n\n\n\n<div id=\"wp-block-themeisle-blocks-advanced-column-84c54478\" class=\"wp-block-themeisle-blocks-advanced-column has-light-bg\">\n<div id=\"wp-block-themeisle-blocks-font-awesome-icons-b85cbc24\" class=\"wp-block-themeisle-blocks-font-awesome-icons\"><span class=\"wp-block-themeisle-blocks-font-awesome-icons-container\"><i class=\"fas fa-user-ninja\"><\/i><\/span><\/div>\n\n\n\n<h3 class=\"wp-block-heading has-text-color\" style=\"color:#5a3a6b;margin-top:0px\">Criminologie<\/h3>\n\n\n\n<p class=\"has-text-color has-link-color wp-elements-9caf19052292cfa964feeceac75620d5\" style=\"color:#070731\">Nous pr\u00e9sentons \u00e0 vos collaborateurs le panorama du crypto-crime : <strong>commerce illicite<\/strong>, <strong>escroqueries<\/strong>, <strong>manipulations de march\u00e9<\/strong>, <strong>blanchiment<\/strong> via des mixeurs, etc.<\/p>\n\n\n\n<p class=\"has-text-color has-link-color wp-elements-1c6b379175ac71070d9f28401f90184f\" style=\"color:#070731\"><\/p>\n<\/div>\n<\/div><\/div>\n\n\n\n<p><\/p>\n","protected":false},"excerpt":{"rendered":"","protected":false},"author":1,"featured_media":0,"parent":0,"menu_order":0,"comment_status":"closed","ping_status":"closed","template":"","meta":{"site-sidebar-layout":"default","site-content-layout":"","ast-site-content-layout":"","site-content-style":"default","site-sidebar-style":"default","ast-global-header-display":"","ast-banner-title-visibility":"","ast-main-header-display":"","ast-hfb-above-header-display":"","ast-hfb-below-header-display":"","ast-hfb-mobile-header-display":"","site-post-title":"","ast-breadcrumbs-content":"","ast-featured-img":"","footer-sml-layout":"","theme-transparent-header-meta":"","adv-header-id-meta":"","stick-header-meta":"","header-above-stick-meta":"","header-main-stick-meta":"","header-below-stick-meta":"","astra-migrate-meta-layouts":"default","ast-page-background-enabled":"default","ast-page-background-meta":{"desktop":{"background-color":"var(--ast-global-color-4)","background-image":"","background-repeat":"repeat","background-position":"center center","background-size":"auto","background-attachment":"scroll","background-type":"","background-media":"","overlay-type":"","overlay-color":"","overlay-opacity":"","overlay-gradient":""},"tablet":{"background-color":"","background-image":"","background-repeat":"repeat","background-position":"center center","background-size":"auto","background-attachment":"scroll","background-type":"","background-media":"","overlay-type":"","overlay-color":"","overlay-opacity":"","overlay-gradient":""},"mobile":{"background-color":"","background-image":"","background-repeat":"repeat","background-position":"center center","background-size":"auto","background-attachment":"scroll","background-type":"","background-media":"","overlay-type":"","overlay-color":"","overlay-opacity":"","overlay-gradient":""}},"ast-content-background-meta":{"desktop":{"background-color":"var(--ast-global-color-5)","background-image":"","background-repeat":"repeat","background-position":"center center","background-size":"auto","background-attachment":"scroll","background-type":"","background-media":"","overlay-type":"","overlay-color":"","overlay-opacity":"","overlay-gradient":""},"tablet":{"background-color":"var(--ast-global-color-5)","background-image":"","background-repeat":"repeat","background-position":"center center","background-size":"auto","background-attachment":"scroll","background-type":"","background-media":"","overlay-type":"","overlay-color":"","overlay-opacity":"","overlay-gradient":""},"mobile":{"background-color":"var(--ast-global-color-5)","background-image":"","background-repeat":"repeat","background-position":"center center","background-size":"auto","background-attachment":"scroll","background-type":"","background-media":"","overlay-type":"","overlay-color":"","overlay-opacity":"","overlay-gradient":""}},"_themeisle_gutenberg_block_has_review":false,"footnotes":""},"class_list":["post-298","page","type-page","status-publish","hentry"],"_links":{"self":[{"href":"https:\/\/www.koldata.io\/index.php\/wp-json\/wp\/v2\/pages\/298","targetHints":{"allow":["GET"]}}],"collection":[{"href":"https:\/\/www.koldata.io\/index.php\/wp-json\/wp\/v2\/pages"}],"about":[{"href":"https:\/\/www.koldata.io\/index.php\/wp-json\/wp\/v2\/types\/page"}],"author":[{"embeddable":true,"href":"https:\/\/www.koldata.io\/index.php\/wp-json\/wp\/v2\/users\/1"}],"replies":[{"embeddable":true,"href":"https:\/\/www.koldata.io\/index.php\/wp-json\/wp\/v2\/comments?post=298"}],"version-history":[{"count":11,"href":"https:\/\/www.koldata.io\/index.php\/wp-json\/wp\/v2\/pages\/298\/revisions"}],"predecessor-version":[{"id":419,"href":"https:\/\/www.koldata.io\/index.php\/wp-json\/wp\/v2\/pages\/298\/revisions\/419"}],"wp:attachment":[{"href":"https:\/\/www.koldata.io\/index.php\/wp-json\/wp\/v2\/media?parent=298"}],"curies":[{"name":"wp","href":"https:\/\/api.w.org\/{rel}","templated":true}]}}