{"id":296,"date":"2024-08-28T23:11:56","date_gmt":"2024-08-28T21:11:56","guid":{"rendered":"https:\/\/www.koldata.io\/?page_id=296"},"modified":"2024-09-17T14:59:55","modified_gmt":"2024-09-17T12:59:55","slug":"investigation","status":"publish","type":"page","link":"https:\/\/www.koldata.io\/index.php\/investigation\/","title":{"rendered":"Investigation"},"content":{"rendered":"\n<div id=\"wp-block-themeisle-blocks-advanced-columns-6060ad37\" class=\"wp-block-themeisle-blocks-advanced-columns alignfull has-1-columns has-desktop-equal-layout has-tablet-equal-layout has-mobile-equal-layout has-vertical-unset has-light-bg\"><div class=\"wp-block-themeisle-blocks-advanced-columns-overlay\"><\/div><div class=\"innerblocks-wrap\">\n<div id=\"wp-block-themeisle-blocks-advanced-column-e9443913\" class=\"wp-block-themeisle-blocks-advanced-column\">\n<h2 class=\"wp-block-heading has-text-color has-link-color wp-elements-fdc0eb2b1f9c3a25c3cadec165edac24\" style=\"color:#5a3a6b\">Une approche pluri-disciplinaire.<\/h2>\n\n\n\n<p class=\"has-text-color has-link-color wp-elements-0c39da5d4773d058965b8d36fb941932\" style=\"color:#070731\">Nous mobilisons des comp\u00e9tences vari\u00e9es afin d&#8217;\u00eatre en mesure d&#8217;<strong>investiguer \u00e0 360\u00b0<\/strong> et de r\u00e9cup\u00e9rer toutes les informations et d&#8217;explorer toutes les pistes susceptibles de faire progresser nos enqu\u00eates.<\/p>\n<\/div>\n<\/div><\/div>\n\n\n\n<div id=\"wp-block-themeisle-blocks-advanced-columns-f0d39e55\" class=\"wp-block-themeisle-blocks-advanced-columns alignfull has-4-columns has-desktop-equal-layout has-tablet-equal-layout has-mobile-collapsedRows-layout has-vertical-unset has-light-bg\"><div class=\"wp-block-themeisle-blocks-advanced-columns-overlay\"><\/div><div class=\"innerblocks-wrap\">\n<div id=\"wp-block-themeisle-blocks-advanced-column-df3a3bbe\" class=\"wp-block-themeisle-blocks-advanced-column has-light-bg\">\n<div id=\"wp-block-themeisle-blocks-font-awesome-icons-7b689dc6\" class=\"wp-block-themeisle-blocks-font-awesome-icons\"><span class=\"wp-block-themeisle-blocks-font-awesome-icons-container\"><i class=\"fas fa-dollar-sign\"><\/i><\/span><\/div>\n\n\n\n<h3 class=\"wp-block-heading has-text-color\" style=\"color:#5a3a6b;margin-top:0px\">Financier<\/h3>\n\n\n\n<p class=\"has-text-color has-link-color wp-elements-143501cbe0ec2b10b426263e84026e58\" style=\"color:#070731\">Nous <strong>suivons les flux sur toutes les blockchains publiques non crypt\u00e9es<\/strong> et tra\u00e7ons les mouvements par-del\u00e0 les changements d\u2019adresse, conversions<br>ou changements de cha\u00eene.<\/p>\n\n\n\n<p class=\"has-text-color has-link-color wp-elements-d6e10dba201fbf1bf5c0ba9670f488ea\" style=\"color:#070731\"><\/p>\n<\/div>\n\n\n\n<div id=\"wp-block-themeisle-blocks-advanced-column-a92486ee\" class=\"wp-block-themeisle-blocks-advanced-column has-light-bg\">\n<div id=\"wp-block-themeisle-blocks-font-awesome-icons-a8eb2801\" class=\"wp-block-themeisle-blocks-font-awesome-icons\"><span class=\"wp-block-themeisle-blocks-font-awesome-icons-container\"><i class=\"fas fa-globe\"><\/i><\/span><\/div>\n\n\n\n<h3 class=\"wp-block-heading has-text-color\" style=\"color:#5a3a6b;margin-top:0px\">OSINT<\/h3>\n\n\n\n<p class=\"has-text-color has-link-color wp-elements-c82c0ab08068a9a6e63952755c44d578\" style=\"color:#070731\">Nous enrichissons la connaissance tir\u00e9e de l\u2019\u00e9tude des transactions en examinant l\u2019<strong>empreinte num\u00e9rique laiss\u00e9e par les personnes ou entit\u00e9s impliqu\u00e9es sur internet<\/strong>.<\/p>\n\n\n\n<p class=\"has-text-color has-link-color wp-elements-1c6b379175ac71070d9f28401f90184f\" style=\"color:#070731\"><\/p>\n<\/div>\n\n\n\n<div id=\"wp-block-themeisle-blocks-advanced-column-0c34f1ca\" class=\"wp-block-themeisle-blocks-advanced-column has-light-bg\">\n<div id=\"wp-block-themeisle-blocks-font-awesome-icons-a58203cd\" class=\"wp-block-themeisle-blocks-font-awesome-icons\"><span class=\"wp-block-themeisle-blocks-font-awesome-icons-container\"><i class=\"fas fa-filter\"><\/i><\/span><\/div>\n\n\n\n<h3 class=\"wp-block-heading has-text-color\" style=\"color:#5a3a6b;margin-top:0px\">Data<\/h3>\n\n\n\n<p class=\"has-text-color has-link-color wp-elements-41bb2ed1dae4f633514f618a30eb3608\" style=\"color:#070731\">Nous <strong>croisons et analysons les donn\u00e9es issues de la blockchain et d\u2019autres sources sp\u00e9cialis\u00e9es<\/strong> afin de parvenir \u00e0<br>une compr\u00e9hension fine et exhaustive des ph\u00e9nom\u00e8nes investigu\u00e9s.<\/p>\n\n\n\n<p class=\"has-text-color has-link-color wp-elements-1c6b379175ac71070d9f28401f90184f\" style=\"color:#070731\"><\/p>\n<\/div>\n\n\n\n<div id=\"wp-block-themeisle-blocks-advanced-column-b7b544fe\" class=\"wp-block-themeisle-blocks-advanced-column has-light-bg\">\n<div id=\"wp-block-themeisle-blocks-font-awesome-icons-ea124c2a\" class=\"wp-block-themeisle-blocks-font-awesome-icons\"><span class=\"wp-block-themeisle-blocks-font-awesome-icons-container\"><i class=\"fas fa-microscope\"><\/i><\/span><\/div>\n\n\n\n<h3 class=\"wp-block-heading has-text-color\" style=\"color:#5a3a6b;margin-top:0px\">Forensic<\/h3>\n\n\n\n<p class=\"has-text-color has-link-color wp-elements-9f85c82b075b4f96bee82fccfbb2817e\" style=\"color:#070731\">Nous <strong>analysons les transactions complexes et d\u00e9cortiquons le fonctionnement des contrats intelligents<\/strong> \u00e0 la recherche d\u2019indices ou de preuves num\u00e9riques.<\/p>\n\n\n\n<p class=\"has-text-color has-link-color wp-elements-1c6b379175ac71070d9f28401f90184f\" style=\"color:#070731\"><\/p>\n<\/div>\n<\/div><\/div>\n\n\n\n<div id=\"wp-block-themeisle-blocks-advanced-columns-073bba95\" class=\"wp-block-themeisle-blocks-advanced-columns alignfull has-1-columns has-desktop-equal-layout has-tablet-equal-layout has-mobile-equal-layout has-vertical-unset has-light-bg\"><div class=\"wp-block-themeisle-blocks-advanced-columns-overlay\"><\/div><div class=\"innerblocks-wrap\">\n<div id=\"wp-block-themeisle-blocks-advanced-column-3768f5ca\" class=\"wp-block-themeisle-blocks-advanced-column\">\n<h2 class=\"wp-block-heading has-text-color has-link-color wp-elements-c3135e8d3c43d50d982bda69706232e1\" style=\"color:#070731\">Quels cas d&#8217;usage ?<\/h2>\n\n\n\n<p class=\"has-text-color has-link-color wp-elements-2a7f466ca56d58e1dcb9781bec22e0d7\" style=\"color:#070731\">Nos services d&#8217;investigation sont accessibles \u00e0 toutes les organisations qui y trouvent un int\u00e9r\u00eat. Toutefois, nous avons plus particuli\u00e8rement pour habitude de travailler avec les <strong>acteurs publics et priv\u00e9s du monde judiciaire<\/strong> ainsi qu&#8217;avec les <strong>acteurs r\u00e9gul\u00e9s de l&#8217;industrie des crypto-actifs<\/strong>.<\/p>\n<\/div>\n<\/div><\/div>\n\n\n\n<div id=\"wp-block-themeisle-blocks-advanced-columns-a05e1a60\" class=\"wp-block-themeisle-blocks-advanced-columns alignfull has-3-columns has-desktop-equal-layout has-tablet-equal-layout has-mobile-collapsedRows-layout has-vertical-unset has-light-bg\"><div class=\"wp-block-themeisle-blocks-advanced-columns-overlay\"><\/div><div class=\"innerblocks-wrap\">\n<div id=\"wp-block-themeisle-blocks-advanced-column-c3ba8e37\" class=\"wp-block-themeisle-blocks-advanced-column has-light-bg\">\n<div id=\"wp-block-themeisle-blocks-font-awesome-icons-bb843103\" class=\"wp-block-themeisle-blocks-font-awesome-icons\"><span class=\"wp-block-themeisle-blocks-font-awesome-icons-container\"><i class=\"fas fa-user-tie\"><\/i><\/span><\/div>\n\n\n\n<h3 class=\"wp-block-heading has-text-color\" style=\"color:#5a3a6b;margin-top:0px\">Avocats<\/h3>\n\n\n\n<p class=\"has-text-color has-link-color wp-elements-94785fb9863d07d2d91a260cfd246dfd\" style=\"color:#070731\">Vous \u00eates un <strong>cabinet d\u2019avocats<br>d\u00e9fendant les int\u00e9r\u00eats d\u2019un particulier<br>victime de vol ou d\u2019une startup victime<br>de fraudes<\/strong> ? Nous vous appuyons en<br>investiguant.<\/p>\n\n\n\n<p class=\"has-text-color has-link-color wp-elements-d6e10dba201fbf1bf5c0ba9670f488ea\" style=\"color:#070731\"><\/p>\n<\/div>\n\n\n\n<div id=\"wp-block-themeisle-blocks-advanced-column-b627bc01\" class=\"wp-block-themeisle-blocks-advanced-column has-light-bg\">\n<div id=\"wp-block-themeisle-blocks-font-awesome-icons-a4efc529\" class=\"wp-block-themeisle-blocks-font-awesome-icons\"><span class=\"wp-block-themeisle-blocks-font-awesome-icons-container\"><i class=\"fab fa-bitcoin\"><\/i><\/span><\/div>\n\n\n\n<h3 class=\"wp-block-heading has-text-color\" style=\"color:#5a3a6b;margin-top:0px\">PSCA<\/h3>\n\n\n\n<p class=\"has-text-color has-link-color wp-elements-a1640938c18ddcdec3c751565a06d6f9\" style=\"color:#070731\">Vous \u00eatre une <strong>plateforme d\u2019\u00e9change<br>submerg\u00e9e par les alertes LCB-FT<\/strong> ?<br>Nous vous assistons en prenant en<br>charge les cas les plus complexes<br>n\u00e9cessitant un examen renforc\u00e9.<\/p>\n\n\n\n<p class=\"has-text-color has-link-color wp-elements-1c6b379175ac71070d9f28401f90184f\" style=\"color:#070731\"><\/p>\n<\/div>\n\n\n\n<div id=\"wp-block-themeisle-blocks-advanced-column-d78dac11\" class=\"wp-block-themeisle-blocks-advanced-column has-light-bg\">\n<div id=\"wp-block-themeisle-blocks-font-awesome-icons-09221c59\" class=\"wp-block-themeisle-blocks-font-awesome-icons\"><span class=\"wp-block-themeisle-blocks-font-awesome-icons-container\"><i class=\"fas fa-gavel\"><\/i><\/span><\/div>\n\n\n\n<h3 class=\"wp-block-heading has-text-color\" style=\"color:#5a3a6b;margin-top:0px\">Police-Justice<\/h3>\n\n\n\n<p class=\"has-text-color has-link-color wp-elements-68f720ec167b3818483b42134d10fcc3\" style=\"color:#070731\">Vous \u00eates un <strong>service de police<br>judiciaire ou un magistrat<\/strong> ? Nous vous apportons un soutien op\u00e9rationnel<br>vous permettant de vous concentrer<br>sur d\u2019autres sujets.<\/p>\n\n\n\n<p class=\"has-text-color has-link-color wp-elements-1c6b379175ac71070d9f28401f90184f\" style=\"color:#070731\"><\/p>\n<\/div>\n<\/div><\/div>\n\n\n\n<div id=\"wp-block-themeisle-blocks-advanced-columns-f6650aba\" class=\"wp-block-themeisle-blocks-advanced-columns alignfull has-1-columns has-desktop-equal-layout has-tablet-equal-layout has-mobile-equal-layout has-vertical-unset has-light-bg\"><div class=\"wp-block-themeisle-blocks-advanced-columns-overlay\"><\/div><div class=\"innerblocks-wrap\">\n<div id=\"wp-block-themeisle-blocks-advanced-column-5df0c6c3\" class=\"wp-block-themeisle-blocks-advanced-column\">\n<h2 class=\"wp-block-heading has-text-color has-link-color wp-elements-3ac3422090ffcfe0738d2989f1a995b9\" style=\"color:#070731\">Quelle production ?<\/h2>\n\n\n\n<p class=\"has-text-color has-link-color wp-elements-905103091f36ed5ab4024e5c027de029\" style=\"color:#070731\">Nous adaptions notre intervention \u00e0 votre situation et \u00e0 vos besoins.<\/p>\n<\/div>\n<\/div><\/div>\n\n\n\n<div id=\"wp-block-themeisle-blocks-advanced-columns-b06caaff\" class=\"wp-block-themeisle-blocks-advanced-columns alignfull has-3-columns has-desktop-equal-layout has-tablet-equal-layout has-mobile-collapsedRows-layout has-vertical-unset has-light-bg\"><div class=\"wp-block-themeisle-blocks-advanced-columns-overlay\"><\/div><div class=\"innerblocks-wrap\">\n<div id=\"wp-block-themeisle-blocks-advanced-column-a1cf7bb0\" class=\"wp-block-themeisle-blocks-advanced-column has-light-bg\">\n<div id=\"wp-block-themeisle-blocks-font-awesome-icons-a061885d\" class=\"wp-block-themeisle-blocks-font-awesome-icons\"><span class=\"wp-block-themeisle-blocks-font-awesome-icons-container\"><i class=\"fas fa-book\"><\/i><\/span><\/div>\n\n\n\n<h3 class=\"wp-block-heading has-text-color\" style=\"color:#5a3a6b;margin-top:0px\">Rapports<\/h3>\n\n\n\n<p class=\"has-text-color has-link-color wp-elements-6354d0f6addd18b30b1c81a3cd1032f9\" style=\"color:#070731\">Nous produisons des rapports<br>conformes aux meilleures exigences<br>d\u2019<strong>objectivit\u00e9<\/strong> et de <strong>neutralit\u00e9<\/strong>, qui<br>peuvent \u00eatre annex\u00e9es \u00e0 des <strong>plaintes<br>p\u00e9nales<\/strong> ou \u00e0 des <strong>d\u00e9clarations de soup\u00e7on<\/strong>.<\/p>\n\n\n\n<p class=\"has-text-color has-link-color wp-elements-d6e10dba201fbf1bf5c0ba9670f488ea\" style=\"color:#070731\"><\/p>\n<\/div>\n\n\n\n<div id=\"wp-block-themeisle-blocks-advanced-column-64777bdd\" class=\"wp-block-themeisle-blocks-advanced-column has-light-bg\">\n<div id=\"wp-block-themeisle-blocks-font-awesome-icons-e932420b\" class=\"wp-block-themeisle-blocks-font-awesome-icons\"><span class=\"wp-block-themeisle-blocks-font-awesome-icons-container\"><i class=\"fas fa-hand-paper\"><\/i><\/span><\/div>\n\n\n\n<h3 class=\"wp-block-heading has-text-color\" style=\"color:#5a3a6b;margin-top:0px\">T\u00e9moignage<\/h3>\n\n\n\n<p class=\"has-text-color has-link-color wp-elements-efd15b30e69952bed0412b4665cbbdfd\" style=\"color:#070731\">Nous pouvons t\u00e9moigner en justice afin<br>d\u2019\u00e9clairer les juridictions au sujet des<br>faits survenus sur la blockchain et<br>d\u2019<strong>apporter notre caution technique<\/strong> \u00e0 une<br>action judiciaire<\/p>\n\n\n\n<p class=\"has-text-color has-link-color wp-elements-1c6b379175ac71070d9f28401f90184f\" style=\"color:#070731\"><\/p>\n<\/div>\n\n\n\n<div id=\"wp-block-themeisle-blocks-advanced-column-59395532\" class=\"wp-block-themeisle-blocks-advanced-column has-light-bg\">\n<div id=\"wp-block-themeisle-blocks-font-awesome-icons-ad1dfe6c\" class=\"wp-block-themeisle-blocks-font-awesome-icons\"><span class=\"wp-block-themeisle-blocks-font-awesome-icons-container\"><i class=\"fas fa-file-upload\"><\/i><\/span><\/div>\n\n\n\n<h3 class=\"wp-block-heading has-text-color\" style=\"color:#5a3a6b;margin-top:0px\">Contenu<\/h3>\n\n\n\n<p class=\"has-text-color has-link-color wp-elements-600bed538f8eeebb9fd307beddeec780\" style=\"color:#070731\">Nous pouvons produire du <strong>contenu<br>d\u00e9marqu\u00e9 int\u00e9grable \u00e0 votre propre<br>production<\/strong>, apportant \u00e0 celle-ci une<br>plus-value suppl\u00e9mentaire au b\u00e9n\u00e9fice<br>de vos clients ou donneurs d\u2019ordre<\/p>\n\n\n\n<p class=\"has-text-color has-link-color wp-elements-1c6b379175ac71070d9f28401f90184f\" style=\"color:#070731\"><\/p>\n<\/div>\n<\/div><\/div>\n\n\n\n<section id=\"wp-block-themeisle-blocks-advanced-columns-cb87630d\" class=\"wp-block-themeisle-blocks-advanced-columns alignfull has-1-columns has-desktop-equal-layout has-tablet-equal-layout has-mobile-equal-layout has-vertical-center has-dark-bg\"><div class=\"wp-block-themeisle-blocks-advanced-columns-overlay\"><\/div><div class=\"innerblocks-wrap\">\n<div id=\"wp-block-themeisle-blocks-advanced-column-a521c34e\" class=\"wp-block-themeisle-blocks-advanced-column\">\n<h2 class=\"wp-block-heading has-text-align-center has-text-color\" style=\"color:#ffffff\">Ecrivez-nous pour en savoir plus.<\/h2>\n\n\n\n<div class=\"wp-block-buttons is-content-justification-center is-layout-flex wp-container-core-buttons-is-layout-a89b3969 wp-block-buttons-is-layout-flex\">\n<div class=\"wp-block-button is-style-primary\"><a class=\"wp-block-button__link has-text-color has-background has-link-color wp-element-button\" href=\"https:\/\/www.koldata.io\/index.php\/contact\/\" style=\"color:#080808;background-color:#ffd166\"><strong>Nous contacter.<\/strong><\/a><\/div>\n<\/div>\n<\/div>\n<\/div><\/section>\n\n\n\n<p><\/p>\n\n\n\n<p><\/p>\n","protected":false},"excerpt":{"rendered":"","protected":false},"author":1,"featured_media":0,"parent":0,"menu_order":0,"comment_status":"closed","ping_status":"closed","template":"","meta":{"site-sidebar-layout":"default","site-content-layout":"","ast-site-content-layout":"","site-content-style":"default","site-sidebar-style":"default","ast-global-header-display":"","ast-banner-title-visibility":"","ast-main-header-display":"","ast-hfb-above-header-display":"","ast-hfb-below-header-display":"","ast-hfb-mobile-header-display":"","site-post-title":"","ast-breadcrumbs-content":"","ast-featured-img":"","footer-sml-layout":"","theme-transparent-header-meta":"","adv-header-id-meta":"","stick-header-meta":"","header-above-stick-meta":"","header-main-stick-meta":"","header-below-stick-meta":"","astra-migrate-meta-layouts":"default","ast-page-background-enabled":"default","ast-page-background-meta":{"desktop":{"background-color":"var(--ast-global-color-4)","background-image":"","background-repeat":"repeat","background-position":"center center","background-size":"auto","background-attachment":"scroll","background-type":"","background-media":"","overlay-type":"","overlay-color":"","overlay-opacity":"","overlay-gradient":""},"tablet":{"background-color":"","background-image":"","background-repeat":"repeat","background-position":"center center","background-size":"auto","background-attachment":"scroll","background-type":"","background-media":"","overlay-type":"","overlay-color":"","overlay-opacity":"","overlay-gradient":""},"mobile":{"background-color":"","background-image":"","background-repeat":"repeat","background-position":"center center","background-size":"auto","background-attachment":"scroll","background-type":"","background-media":"","overlay-type":"","overlay-color":"","overlay-opacity":"","overlay-gradient":""}},"ast-content-background-meta":{"desktop":{"background-color":"var(--ast-global-color-5)","background-image":"","background-repeat":"repeat","background-position":"center center","background-size":"auto","background-attachment":"scroll","background-type":"","background-media":"","overlay-type":"","overlay-color":"","overlay-opacity":"","overlay-gradient":""},"tablet":{"background-color":"var(--ast-global-color-5)","background-image":"","background-repeat":"repeat","background-position":"center center","background-size":"auto","background-attachment":"scroll","background-type":"","background-media":"","overlay-type":"","overlay-color":"","overlay-opacity":"","overlay-gradient":""},"mobile":{"background-color":"var(--ast-global-color-5)","background-image":"","background-repeat":"repeat","background-position":"center center","background-size":"auto","background-attachment":"scroll","background-type":"","background-media":"","overlay-type":"","overlay-color":"","overlay-opacity":"","overlay-gradient":""}},"_themeisle_gutenberg_block_has_review":false,"footnotes":""},"class_list":["post-296","page","type-page","status-publish","hentry"],"_links":{"self":[{"href":"https:\/\/www.koldata.io\/index.php\/wp-json\/wp\/v2\/pages\/296","targetHints":{"allow":["GET"]}}],"collection":[{"href":"https:\/\/www.koldata.io\/index.php\/wp-json\/wp\/v2\/pages"}],"about":[{"href":"https:\/\/www.koldata.io\/index.php\/wp-json\/wp\/v2\/types\/page"}],"author":[{"embeddable":true,"href":"https:\/\/www.koldata.io\/index.php\/wp-json\/wp\/v2\/users\/1"}],"replies":[{"embeddable":true,"href":"https:\/\/www.koldata.io\/index.php\/wp-json\/wp\/v2\/comments?post=296"}],"version-history":[{"count":27,"href":"https:\/\/www.koldata.io\/index.php\/wp-json\/wp\/v2\/pages\/296\/revisions"}],"predecessor-version":[{"id":408,"href":"https:\/\/www.koldata.io\/index.php\/wp-json\/wp\/v2\/pages\/296\/revisions\/408"}],"wp:attachment":[{"href":"https:\/\/www.koldata.io\/index.php\/wp-json\/wp\/v2\/media?parent=296"}],"curies":[{"name":"wp","href":"https:\/\/api.w.org\/{rel}","templated":true}]}}